{"id":177,"date":"2020-08-06T11:14:30","date_gmt":"2020-08-06T09:14:30","guid":{"rendered":"https:\/\/jeanikee.se\/?page_id=177"},"modified":"2020-08-06T11:29:14","modified_gmt":"2020-08-06T09:29:14","slug":"kontakt","status":"publish","type":"page","link":"https:\/\/jeanikee.se\/?page_id=177","title":{"rendered":"Kontakt"},"content":{"rendered":"<p><a href=\"mailto:Jeanikee@gmail.com?subject = Feedback&amp;body = Message\"><br \/>\nH\u00e4r kan du mejla mig g\u00e4rna s\u00e5 svarar jag s\u00e5 gott jag kan. \ud83e\udd70<br \/>\n<\/a><\/p>\n","protected":false},"excerpt":{"rendered":"<p>H\u00e4r kan du mejla mig g\u00e4rna s\u00e5 svarar jag s\u00e5 gott jag kan. \ud83e\udd70<\/p>\n","protected":false},"author":1,"featured_media":0,"parent":0,"menu_order":0,"comment_status":"closed","ping_status":"closed","template":"","meta":{"spay_email":""},"yoast_head":"<!-- This site is optimized with the Yoast SEO plugin v15.9.2 - https:\/\/yoast.com\/wordpress\/plugins\/seo\/ -->\n<title>Kontakt -<\/title>\n<meta name=\"robots\" content=\"index, follow, max-snippet:-1, max-image-preview:large, max-video-preview:-1\" \/>\n<link rel=\"canonical\" href=\"https:\/\/jeanikee.se\/?page_id=177\" \/>\n<meta property=\"og:locale\" content=\"sv_SE\" \/>\n<meta property=\"og:type\" content=\"article\" \/>\n<meta property=\"og:title\" content=\"Kontakt -\" \/>\n<meta property=\"og:description\" content=\"H\u00e4r kan du mejla mig g\u00e4rna s\u00e5 svarar jag s\u00e5 gott jag kan. \ud83e\udd70\" \/>\n<meta property=\"og:url\" content=\"https:\/\/jeanikee.se\/?page_id=177\" \/>\n<meta property=\"article:modified_time\" content=\"2020-08-06T09:29:14+00:00\" \/>\n<meta name=\"twitter:card\" content=\"summary_large_image\" \/>\n<script type=\"application\/ld+json\" class=\"yoast-schema-graph\">{\"@context\":\"https:\/\/schema.org\",\"@graph\":[{\"@type\":[\"Person\",\"Organization\"],\"@id\":\"https:\/\/jeanikee.se\/#\/schema\/person\/daff57183a1a5e8736fdce5d20908fd0\",\"name\":\"Jeanikee\",\"image\":{\"@type\":\"ImageObject\",\"@id\":\"https:\/\/jeanikee.se\/#personlogo\",\"inLanguage\":\"sv-SE\",\"url\":\"https:\/\/secure.gravatar.com\/avatar\/1ebcf2f95f62b8ced366a98d9a2e363c?s=96&d=mm&r=g\",\"caption\":\"Jeanikee\"},\"logo\":{\"@id\":\"https:\/\/jeanikee.se\/#personlogo\"},\"sameAs\":[\"https:\/\/jeanikee.se\"]},{\"@type\":\"WebSite\",\"@id\":\"https:\/\/jeanikee.se\/#website\",\"url\":\"https:\/\/jeanikee.se\/\",\"name\":\"JeanikeeS Viktiga\",\"description\":\"Livet \\u00e4r inte vad tror - Det \\u00e4r s\\u00e5 mycket mer\",\"publisher\":{\"@id\":\"https:\/\/jeanikee.se\/#\/schema\/person\/daff57183a1a5e8736fdce5d20908fd0\"},\"potentialAction\":[{\"@type\":\"SearchAction\",\"target\":\"https:\/\/jeanikee.se\/?s={search_term_string}\",\"query-input\":\"required name=search_term_string\"}],\"inLanguage\":\"sv-SE\"},{\"@type\":\"WebPage\",\"@id\":\"https:\/\/jeanikee.se\/?page_id=177#webpage\",\"url\":\"https:\/\/jeanikee.se\/?page_id=177\",\"name\":\"Kontakt -\",\"isPartOf\":{\"@id\":\"https:\/\/jeanikee.se\/#website\"},\"datePublished\":\"2020-08-06T09:14:30+00:00\",\"dateModified\":\"2020-08-06T09:29:14+00:00\",\"breadcrumb\":{\"@id\":\"https:\/\/jeanikee.se\/?page_id=177#breadcrumb\"},\"inLanguage\":\"sv-SE\",\"potentialAction\":[{\"@type\":\"ReadAction\",\"target\":[\"https:\/\/jeanikee.se\/?page_id=177\"]}]},{\"@type\":\"BreadcrumbList\",\"@id\":\"https:\/\/jeanikee.se\/?page_id=177#breadcrumb\",\"itemListElement\":[{\"@type\":\"ListItem\",\"position\":1,\"item\":{\"@type\":\"WebPage\",\"@id\":\"https:\/\/jeanikee.se\/\",\"url\":\"https:\/\/jeanikee.se\/\",\"name\":\"Hem\"}},{\"@type\":\"ListItem\",\"position\":2,\"item\":{\"@type\":\"WebPage\",\"@id\":\"https:\/\/jeanikee.se\/?page_id=177\",\"url\":\"https:\/\/jeanikee.se\/?page_id=177\",\"name\":\"Kontakt\"}}]}]}<\/script>\n<!-- \/ Yoast SEO plugin. -->","_links":{"self":[{"href":"https:\/\/jeanikee.se\/index.php?rest_route=\/wp\/v2\/pages\/177"}],"collection":[{"href":"https:\/\/jeanikee.se\/index.php?rest_route=\/wp\/v2\/pages"}],"about":[{"href":"https:\/\/jeanikee.se\/index.php?rest_route=\/wp\/v2\/types\/page"}],"author":[{"embeddable":true,"href":"https:\/\/jeanikee.se\/index.php?rest_route=\/wp\/v2\/users\/1"}],"replies":[{"embeddable":true,"href":"https:\/\/jeanikee.se\/index.php?rest_route=%2Fwp%2Fv2%2Fcomments&post=177"}],"version-history":[{"count":5,"href":"https:\/\/jeanikee.se\/index.php?rest_route=\/wp\/v2\/pages\/177\/revisions"}],"predecessor-version":[{"id":183,"href":"https:\/\/jeanikee.se\/index.php?rest_route=\/wp\/v2\/pages\/177\/revisions\/183"}],"wp:attachment":[{"href":"https:\/\/jeanikee.se\/index.php?rest_route=%2Fwp%2Fv2%2Fmedia&parent=177"}],"curies":[{"name":"wp","href":"https:\/\/api.w.org\/{rel}","templated":true}]}}