{"id":37,"date":"2020-03-24T13:50:27","date_gmt":"2020-03-24T11:50:27","guid":{"rendered":"https:\/\/jeanikee.se\/?page_id=37"},"modified":"2023-05-21T12:37:37","modified_gmt":"2023-05-21T10:37:37","slug":"recept","status":"publish","type":"page","link":"https:\/\/jeanikee.se\/?page_id=37","title":{"rendered":"I Mitt K\u00f6k"},"content":{"rendered":"<p>&nbsp;<\/p>\n<h2>Recept<\/h2>\n<p>&nbsp;<\/p>\n<h4>Fisk<\/h4>\n<ul>\n<li><a href=\"https:\/\/jeanikee.se\/?p=136\">Ceviche<\/a><\/li>\n<li><a href=\"https:\/\/jeanikee.se\/?p=431\" target=\"_blank\" rel=\"noopener noreferrer\">Ceviche<\/a> &#8211; Japansk<\/li>\n<li><a href=\"https:\/\/jeanikee.se\/?p=115\">Citronlax med blomk\u00e5lsris och dills\u00e5s<\/a><\/li>\n<li><a href=\"https:\/\/jeanikee.se\/?p=421\">Laxsoppa<\/a><\/li>\n<\/ul>\n<h4>Kyckling<\/h4>\n<ul>\n<li><a href=\"https:\/\/jeanikee.se\/chicken-nuggets\/\">Chicken Nuggets<\/a><\/li>\n<\/ul>\n<h4><\/h4>\n<h4>N\u00e4r andan faller p\u00e5<\/h4>\n<ul>\n<li><a href=\"https:\/\/jeanikee.se\/?p=283\">Sm\u00f6rbollar<\/a><\/li>\n<\/ul>\n<h4><\/h4>\n<h4>Tillbeh\u00f6r\/sm\u00e5r\u00e4tter<\/h4>\n<ul>\n<li><a href=\"https:\/\/jeanikee.se\/?p=429\">Aioli in the Run <\/a><\/li>\n<li><a href=\"https:\/\/jeanikee.se\/?p=191\">Broccolisallad med valn\u00f6tter <\/a><\/li>\n<li><a href=\"https:\/\/jeanikee.se\/?p=138\">Lagersallad<\/a><\/li>\n<li><a href=\"https:\/\/jeanikee.se\/?p=143\">Shakshuka<\/a><\/li>\n<\/ul>\n<h4>Gottis<\/h4>\n<ul>\n<li><a href=\"https:\/\/jeanikee.se\/?p=349\" target=\"_blank\" rel=\"noopener noreferrer\">Rabarberkompott<\/a><\/li>\n<\/ul>\n<ul>\n<li><a href=\"https:\/\/jeanikee.se\/?p=340\" target=\"_blank\" rel=\"noopener noreferrer\">Snabbcheesecake<\/a><\/li>\n<\/ul>\n","protected":false},"excerpt":{"rendered":"<p>&nbsp; Recept &nbsp; Fisk Ceviche Ceviche &#8211; Japansk Citronlax med blomk\u00e5lsris och dills\u00e5s Laxsoppa Kyckling Chicken Nuggets N\u00e4r andan faller p\u00e5 Sm\u00f6rbollar Tillbeh\u00f6r\/sm\u00e5r\u00e4tter Aioli in the Run Broccolisallad med valn\u00f6tter <a class=\"more-link\" href=\"https:\/\/jeanikee.se\/?page_id=37\">[ . . . ]<\/a><\/p>\n","protected":false},"author":1,"featured_media":0,"parent":0,"menu_order":0,"comment_status":"closed","ping_status":"closed","template":"","meta":{"spay_email":""},"yoast_head":"<!-- This site is optimized with the Yoast SEO plugin v15.9.2 - https:\/\/yoast.com\/wordpress\/plugins\/seo\/ -->\n<title>I Mitt K\u00f6k -<\/title>\n<meta name=\"robots\" content=\"index, follow, max-snippet:-1, max-image-preview:large, max-video-preview:-1\" \/>\n<link rel=\"canonical\" href=\"https:\/\/jeanikee.se\/?page_id=37\" \/>\n<meta property=\"og:locale\" content=\"sv_SE\" \/>\n<meta property=\"og:type\" content=\"article\" \/>\n<meta property=\"og:title\" content=\"I Mitt K\u00f6k -\" \/>\n<meta property=\"og:description\" content=\"&nbsp; Recept &nbsp; Fisk Ceviche Ceviche &#8211; Japansk Citronlax med blomk\u00e5lsris och dills\u00e5s Laxsoppa Kyckling Chicken Nuggets N\u00e4r andan faller p\u00e5 Sm\u00f6rbollar Tillbeh\u00f6r\/sm\u00e5r\u00e4tter Aioli in the Run Broccolisallad med valn\u00f6tter [ . . . ]\" \/>\n<meta property=\"og:url\" content=\"https:\/\/jeanikee.se\/?page_id=37\" \/>\n<meta property=\"article:modified_time\" content=\"2023-05-21T10:37:37+00:00\" \/>\n<meta name=\"twitter:card\" content=\"summary_large_image\" \/>\n<meta name=\"twitter:label1\" content=\"Ber\u00e4knad l\u00e4stid\">\n\t<meta name=\"twitter:data1\" content=\"1 minut\">\n<script type=\"application\/ld+json\" class=\"yoast-schema-graph\">{\"@context\":\"https:\/\/schema.org\",\"@graph\":[{\"@type\":[\"Person\",\"Organization\"],\"@id\":\"https:\/\/jeanikee.se\/#\/schema\/person\/daff57183a1a5e8736fdce5d20908fd0\",\"name\":\"Jeanikee\",\"image\":{\"@type\":\"ImageObject\",\"@id\":\"https:\/\/jeanikee.se\/#personlogo\",\"inLanguage\":\"sv-SE\",\"url\":\"https:\/\/secure.gravatar.com\/avatar\/1ebcf2f95f62b8ced366a98d9a2e363c?s=96&d=mm&r=g\",\"caption\":\"Jeanikee\"},\"logo\":{\"@id\":\"https:\/\/jeanikee.se\/#personlogo\"},\"sameAs\":[\"https:\/\/jeanikee.se\"]},{\"@type\":\"WebSite\",\"@id\":\"https:\/\/jeanikee.se\/#website\",\"url\":\"https:\/\/jeanikee.se\/\",\"name\":\"JeanikeeS Viktiga\",\"description\":\"Livet \\u00e4r inte vad tror - Det \\u00e4r s\\u00e5 mycket mer\",\"publisher\":{\"@id\":\"https:\/\/jeanikee.se\/#\/schema\/person\/daff57183a1a5e8736fdce5d20908fd0\"},\"potentialAction\":[{\"@type\":\"SearchAction\",\"target\":\"https:\/\/jeanikee.se\/?s={search_term_string}\",\"query-input\":\"required name=search_term_string\"}],\"inLanguage\":\"sv-SE\"},{\"@type\":\"WebPage\",\"@id\":\"https:\/\/jeanikee.se\/?page_id=37#webpage\",\"url\":\"https:\/\/jeanikee.se\/?page_id=37\",\"name\":\"I Mitt K\\u00f6k -\",\"isPartOf\":{\"@id\":\"https:\/\/jeanikee.se\/#website\"},\"datePublished\":\"2020-03-24T11:50:27+00:00\",\"dateModified\":\"2023-05-21T10:37:37+00:00\",\"breadcrumb\":{\"@id\":\"https:\/\/jeanikee.se\/?page_id=37#breadcrumb\"},\"inLanguage\":\"sv-SE\",\"potentialAction\":[{\"@type\":\"ReadAction\",\"target\":[\"https:\/\/jeanikee.se\/?page_id=37\"]}]},{\"@type\":\"BreadcrumbList\",\"@id\":\"https:\/\/jeanikee.se\/?page_id=37#breadcrumb\",\"itemListElement\":[{\"@type\":\"ListItem\",\"position\":1,\"item\":{\"@type\":\"WebPage\",\"@id\":\"https:\/\/jeanikee.se\/\",\"url\":\"https:\/\/jeanikee.se\/\",\"name\":\"Hem\"}},{\"@type\":\"ListItem\",\"position\":2,\"item\":{\"@type\":\"WebPage\",\"@id\":\"https:\/\/jeanikee.se\/?page_id=37\",\"url\":\"https:\/\/jeanikee.se\/?page_id=37\",\"name\":\"I Mitt K\\u00f6k\"}}]}]}<\/script>\n<!-- \/ Yoast SEO plugin. -->","_links":{"self":[{"href":"https:\/\/jeanikee.se\/index.php?rest_route=\/wp\/v2\/pages\/37"}],"collection":[{"href":"https:\/\/jeanikee.se\/index.php?rest_route=\/wp\/v2\/pages"}],"about":[{"href":"https:\/\/jeanikee.se\/index.php?rest_route=\/wp\/v2\/types\/page"}],"author":[{"embeddable":true,"href":"https:\/\/jeanikee.se\/index.php?rest_route=\/wp\/v2\/users\/1"}],"replies":[{"embeddable":true,"href":"https:\/\/jeanikee.se\/index.php?rest_route=%2Fwp%2Fv2%2Fcomments&post=37"}],"version-history":[{"count":21,"href":"https:\/\/jeanikee.se\/index.php?rest_route=\/wp\/v2\/pages\/37\/revisions"}],"predecessor-version":[{"id":435,"href":"https:\/\/jeanikee.se\/index.php?rest_route=\/wp\/v2\/pages\/37\/revisions\/435"}],"wp:attachment":[{"href":"https:\/\/jeanikee.se\/index.php?rest_route=%2Fwp%2Fv2%2Fmedia&parent=37"}],"curies":[{"name":"wp","href":"https:\/\/api.w.org\/{rel}","templated":true}]}}